{"id":5522,"date":"2022-02-25T14:44:22","date_gmt":"2022-02-25T14:44:22","guid":{"rendered":"https:\/\/jjmf.pt\/?page_id=5522"},"modified":"2022-06-11T13:17:10","modified_gmt":"2022-06-11T13:17:10","slug":"retificacao-de-ferramentas","status":"publish","type":"page","link":"https:\/\/jjmf.pt\/index.php\/retificacao-de-ferramentas\/","title":{"rendered":"Retifica\u00e7\u00e3o de Ferramentas"},"content":{"rendered":"\t\t<div data-elementor-type=\"wp-page\" data-elementor-id=\"5522\" class=\"elementor elementor-5522\" data-elementor-settings=\"[]\">\n\t\t\t\t\t\t\t<div class=\"elementor-section-wrap\">\n\t\t\t\t\t\t\t<section class=\"elementor-section elementor-top-section elementor-element elementor-element-1d07719 qodef-elementor-content-grid elementor-section-boxed elementor-section-height-default elementor-section-height-default\" data-id=\"1d07719\" data-element_type=\"section\">\n\t\t\t\t\t\t<div class=\"elementor-container elementor-column-gap-default\">\n\t\t\t\t\t<div class=\"elementor-column elementor-col-100 elementor-top-column elementor-element elementor-element-25d55c5\" data-id=\"25d55c5\" data-element_type=\"column\">\n\t\t\t<div class=\"elementor-widget-wrap elementor-element-populated\">\n\t\t\t\t\t\t\t\t<div class=\"elementor-element elementor-element-8f89a05 elementor-widget elementor-widget-stal_core_section_title\" data-id=\"8f89a05\" data-element_type=\"widget\" data-widget_type=\"stal_core_section_title.default\">\n\t\t\t\t<div class=\"elementor-widget-container\">\n\t\t\t<div class=\"qodef-shortcode qodef-m  qodef-section-title qodef-alignment--left  \">\n\t\t<div class=\"qodef-m-title-wrap\">\n\t\t<h2 class=\"qodef-m-title\" >\n\t\t\t\t\tRentabiliza\u00e7\u00e3o das ferramentas existentes\t\t\t<\/h2>\n\t\n\t<\/div>\n\t\t<p class=\"qodef-m-text\" style=\"font-size: 19px;line-height: 30px\">Por forma a rentabilizar as ferramentas existentes, temos o servi\u00e7o de rectifica\u00e7\u00e3o de ferramentas que proporciona a que se prolongue o uso das mesmas e que seja uma possibilidade mais r\u00e1pida e econ\u00f3mica para os nossos clientes.<\/p>\n<\/div>\t\t<\/div>\n\t\t\t\t<\/div>\n\t\t\t\t<div class=\"elementor-element elementor-element-711757b elementor-widget elementor-widget-stal_core_section_title\" data-id=\"711757b\" data-element_type=\"widget\" data-widget_type=\"stal_core_section_title.default\">\n\t\t\t\t<div class=\"elementor-widget-container\">\n\t\t\t<div class=\"qodef-shortcode qodef-m  qodef-section-title qodef-alignment--left  \">\n\t\t\t<p class=\"qodef-m-text\" style=\"font-size: 19px;line-height: 30px\">Esses servi\u00e7os estendem-se aos seguintes componentes:<\/p>\n<\/div>\t\t<\/div>\n\t\t\t\t<\/div>\n\t\t\t\t<div class=\"elementor-element elementor-element-fbea46c elementor-widget elementor-widget-stal_core_section_title\" data-id=\"fbea46c\" data-element_type=\"widget\" data-widget_type=\"stal_core_section_title.default\">\n\t\t\t\t<div class=\"elementor-widget-container\">\n\t\t\t<div class=\"qodef-shortcode qodef-m  qodef-section-title qodef-alignment--left  \">\n\t\t\t<p class=\"qodef-m-text\" style=\"font-size: 19px;line-height: 30px\">Bases, Matrizes, Pun\u00e7\u00f5es, Cal\u00e7os Intermedi\u00e1rios, Aventais\/Travess\u00f5es, Paralelas de Esbarros, L\u00e2minas;<\/p>\n<\/div>\t\t<\/div>\n\t\t\t\t<\/div>\n\t\t\t\t\t<\/div>\n\t\t<\/div>\n\t\t\t\t\t\t\t<\/div>\n\t\t<\/section>\n\t\t\t\t<section class=\"elementor-section elementor-top-section elementor-element elementor-element-abd13b6 qodef-elementor-content-grid elementor-section-boxed elementor-section-height-default elementor-section-height-default\" data-id=\"abd13b6\" data-element_type=\"section\">\n\t\t\t\t\t\t<div class=\"elementor-container elementor-column-gap-default\">\n\t\t\t\t\t<div class=\"elementor-column elementor-col-100 elementor-top-column elementor-element elementor-element-600207c\" data-id=\"600207c\" data-element_type=\"column\">\n\t\t\t<div class=\"elementor-widget-wrap elementor-element-populated\">\n\t\t\t\t\t\t\t\t<div class=\"elementor-element elementor-element-a2932bf elementor-widget elementor-widget-stal_core_image_gallery\" data-id=\"a2932bf\" data-element_type=\"widget\" data-widget_type=\"stal_core_image_gallery.default\">\n\t\t\t\t<div class=\"elementor-widget-container\">\n\t\t\t<div class=\"qodef-shortcode qodef-m  qodef-image-gallery  qodef-grid qodef-layout--columns  qodef-gutter--normal qodef-col-num--4  qodef-responsive--predefined\">\n    <div class=\"qodef-grid-inner clear\">\n\t\t<div class=\"qodef-e qodef-image-wrapper qodef-grid-item\">\n\t\t\t<img loading=\"lazy\" src=\"https:\/\/jjmf.pt\/wp-content\/uploads\/2022\/04\/IMG_2223-scaled-500x600.jpg\" alt=\"\" width=\"500\" height=\"600\" data-ratio=\"0.83333333333333\" \/>\t<\/div><div class=\"qodef-e qodef-image-wrapper qodef-grid-item\">\n\t\t\t<img loading=\"lazy\" src=\"https:\/\/jjmf.pt\/wp-content\/uploads\/2022\/04\/IMG_2178-scaled-500x600.jpg\" alt=\"\" width=\"500\" height=\"600\" data-ratio=\"0.83333333333333\" \/>\t<\/div><div class=\"qodef-e qodef-image-wrapper qodef-grid-item\">\n\t\t\t<img loading=\"lazy\" src=\"https:\/\/jjmf.pt\/wp-content\/uploads\/2022\/04\/IMG_4906-scaled-500x600.jpg\" alt=\"\" width=\"500\" height=\"600\" data-ratio=\"0.83333333333333\" \/>\t<\/div><div class=\"qodef-e qodef-image-wrapper qodef-grid-item\">\n\t\t\t<img loading=\"lazy\" src=\"https:\/\/jjmf.pt\/wp-content\/uploads\/2022\/04\/IMG_2127-scaled-500x600.jpg\" alt=\"\" width=\"500\" height=\"600\" data-ratio=\"0.83333333333333\" \/>\t<\/div>    <\/div>\n<\/div>\t\t<\/div>\n\t\t\t\t<\/div>\n\t\t\t\t\t<\/div>\n\t\t<\/div>\n\t\t\t\t\t\t\t<\/div>\n\t\t<\/section>\n\t\t\t\t<section class=\"elementor-section elementor-top-section elementor-element elementor-element-71b2800 elementor-section-boxed elementor-section-height-default elementor-section-height-default qodef-elementor-content-no\" data-id=\"71b2800\" data-element_type=\"section\">\n\t\t\t\t\t\t<div class=\"elementor-container elementor-column-gap-default\">\n\t\t\t\t\t<div class=\"elementor-column elementor-col-100 elementor-top-column elementor-element elementor-element-e3f8896\" data-id=\"e3f8896\" data-element_type=\"column\">\n\t\t\t<div class=\"elementor-widget-wrap elementor-element-populated\">\n\t\t\t\t\t\t\t\t<div class=\"elementor-element elementor-element-3658d7e elementor-widget elementor-widget-stal_core_section_title\" data-id=\"3658d7e\" data-element_type=\"widget\" data-widget_type=\"stal_core_section_title.default\">\n\t\t\t\t<div class=\"elementor-widget-container\">\n\t\t\t<div class=\"qodef-shortcode qodef-m  qodef-section-title qodef-alignment--left  \">\n\t\t<div class=\"qodef-m-title-wrap\">\n\t\t<h2 class=\"qodef-m-title\" >\n\t\t\t\t\tOutros dos nossos servi\u00e7os\t\t\t<\/h2>\n\t\n\t<\/div>\n\t<\/div>\t\t<\/div>\n\t\t\t\t<\/div>\n\t\t\t\t\t<\/div>\n\t\t<\/div>\n\t\t\t\t\t\t\t<\/div>\n\t\t<\/section>\n\t\t\t\t<section class=\"elementor-section elementor-top-section elementor-element elementor-element-4569dca elementor-section-boxed elementor-section-height-default elementor-section-height-default qodef-elementor-content-no\" data-id=\"4569dca\" data-element_type=\"section\">\n\t\t\t\t\t\t<div class=\"elementor-container elementor-column-gap-default\">\n\t\t\t\t\t<div class=\"elementor-column elementor-col-25 elementor-top-column elementor-element elementor-element-cf0d877\" data-id=\"cf0d877\" data-element_type=\"column\">\n\t\t\t<div class=\"elementor-widget-wrap elementor-element-populated\">\n\t\t\t\t\t\t\t\t<div class=\"elementor-element elementor-element-125838b elementor-widget elementor-widget-stal_core_button\" data-id=\"125838b\" data-element_type=\"widget\" data-widget_type=\"stal_core_button.default\">\n\t\t\t\t<div class=\"elementor-widget-container\">\n\t\t\t<a class=\"qodef-shortcode qodef-m  qodef-button qodef-layout--filled qodef-size--large qodef-html--link\" href=\"https:\/\/jjmf.pt\/index.php\/assistencia-tecnica\/\" target=\"_self\"  >\n\t<span class=\"qodef-m-text\">\n        Assist\u00eancia t\u00e9cnica        <svg class=\"qodef-m-arrowline\" xmlns=\"http:\/\/www.w3.org\/2000\/svg\" xmlns:xlink=\"http:\/\/www.w3.org\/1999\/xlink\" x=\"0px\" y=\"0px\" viewBox=\"0 0 63 20\" xml:space=\"preserve\">\n                            <line x1=\"61.6\" y1=\"10\" x2=\"61.6\" y2=\"10\"\/>\n                            <line x1=\"62\" y1=\"10\" x2=\"61.6\" y2=\"10\"\/>\n                            <line x1=\"61.6\" y1=\"10\" x2=\"1\" y2=\"10\"\/>\n                            <path d=\"M61.6,10\"\/>\n                            <line x1=\"61.6\" y1=\"10\" x2=\"61.6\" y2=\"10\"\/>\n                            <line class=\"arrow-up\" x1=\"56.7\" y1=\"5.1\" x2=\"61.6\" y2=\"10\"\/>\n                            <path d=\"M61.6,10\"\/>\n                            <line x1=\"61.6\" y1=\"10\" x2=\"61.6\" y2=\"10\"\/>\n                            <line class=\"arrow-down\" x1=\"61.6\" y1=\"10\" x2=\"56.7\" y2=\"14.9\"\/>\n                        <\/svg>    <\/span>\n<\/a>\t\t<\/div>\n\t\t\t\t<\/div>\n\t\t\t\t\t<\/div>\n\t\t<\/div>\n\t\t\t\t<div class=\"elementor-column elementor-col-25 elementor-top-column elementor-element elementor-element-328f837\" data-id=\"328f837\" data-element_type=\"column\">\n\t\t\t<div class=\"elementor-widget-wrap elementor-element-populated\">\n\t\t\t\t\t\t\t\t<div class=\"elementor-element elementor-element-dfab0f7 elementor-widget elementor-widget-stal_core_button\" data-id=\"dfab0f7\" data-element_type=\"widget\" data-widget_type=\"stal_core_button.default\">\n\t\t\t\t<div class=\"elementor-widget-container\">\n\t\t\t<a class=\"qodef-shortcode qodef-m  qodef-button qodef-layout--filled qodef-size--large qodef-html--link\" href=\"https:\/\/jjmf.pt\/index.php\/recondicionamento-de-equipamentos\/\" target=\"_self\"  >\n\t<span class=\"qodef-m-text\">\n        Recondicionamento        <svg class=\"qodef-m-arrowline\" xmlns=\"http:\/\/www.w3.org\/2000\/svg\" xmlns:xlink=\"http:\/\/www.w3.org\/1999\/xlink\" x=\"0px\" y=\"0px\" viewBox=\"0 0 63 20\" xml:space=\"preserve\">\n                            <line x1=\"61.6\" y1=\"10\" x2=\"61.6\" y2=\"10\"\/>\n                            <line x1=\"62\" y1=\"10\" x2=\"61.6\" y2=\"10\"\/>\n                            <line x1=\"61.6\" y1=\"10\" x2=\"1\" y2=\"10\"\/>\n                            <path d=\"M61.6,10\"\/>\n                            <line x1=\"61.6\" y1=\"10\" x2=\"61.6\" y2=\"10\"\/>\n                            <line class=\"arrow-up\" x1=\"56.7\" y1=\"5.1\" x2=\"61.6\" y2=\"10\"\/>\n                            <path d=\"M61.6,10\"\/>\n                            <line x1=\"61.6\" y1=\"10\" x2=\"61.6\" y2=\"10\"\/>\n                            <line class=\"arrow-down\" x1=\"61.6\" y1=\"10\" x2=\"56.7\" y2=\"14.9\"\/>\n                        <\/svg>    <\/span>\n<\/a>\t\t<\/div>\n\t\t\t\t<\/div>\n\t\t\t\t\t<\/div>\n\t\t<\/div>\n\t\t\t\t<div class=\"elementor-column elementor-col-25 elementor-top-column elementor-element elementor-element-24da93b\" data-id=\"24da93b\" data-element_type=\"column\">\n\t\t\t<div class=\"elementor-widget-wrap elementor-element-populated\">\n\t\t\t\t\t\t\t\t<div class=\"elementor-element elementor-element-83d686b elementor-widget elementor-widget-stal_core_button\" data-id=\"83d686b\" data-element_type=\"widget\" data-widget_type=\"stal_core_button.default\">\n\t\t\t\t<div class=\"elementor-widget-container\">\n\t\t\t<a class=\"qodef-shortcode qodef-m  qodef-button qodef-layout--filled qodef-size--large qodef-html--link\" href=\"https:\/\/jjmf.pt\/index.php\/industria-da-reciclagem\/\" target=\"_self\"  >\n\t<span class=\"qodef-m-text\">\n        Ind\u00fastria da reciclagem        <svg class=\"qodef-m-arrowline\" xmlns=\"http:\/\/www.w3.org\/2000\/svg\" xmlns:xlink=\"http:\/\/www.w3.org\/1999\/xlink\" x=\"0px\" y=\"0px\" viewBox=\"0 0 63 20\" xml:space=\"preserve\">\n                            <line x1=\"61.6\" y1=\"10\" x2=\"61.6\" y2=\"10\"\/>\n                            <line x1=\"62\" y1=\"10\" x2=\"61.6\" y2=\"10\"\/>\n                            <line x1=\"61.6\" y1=\"10\" x2=\"1\" y2=\"10\"\/>\n                            <path d=\"M61.6,10\"\/>\n                            <line x1=\"61.6\" y1=\"10\" x2=\"61.6\" y2=\"10\"\/>\n                            <line class=\"arrow-up\" x1=\"56.7\" y1=\"5.1\" x2=\"61.6\" y2=\"10\"\/>\n                            <path d=\"M61.6,10\"\/>\n                            <line x1=\"61.6\" y1=\"10\" x2=\"61.6\" y2=\"10\"\/>\n                            <line class=\"arrow-down\" x1=\"61.6\" y1=\"10\" x2=\"56.7\" y2=\"14.9\"\/>\n                        <\/svg>    <\/span>\n<\/a>\t\t<\/div>\n\t\t\t\t<\/div>\n\t\t\t\t\t<\/div>\n\t\t<\/div>\n\t\t\t\t<div class=\"elementor-column elementor-col-25 elementor-top-column elementor-element elementor-element-a9ec457\" data-id=\"a9ec457\" data-element_type=\"column\">\n\t\t\t<div class=\"elementor-widget-wrap elementor-element-populated\">\n\t\t\t\t\t\t\t\t<div class=\"elementor-element elementor-element-44930a6 elementor-widget elementor-widget-stal_core_button\" data-id=\"44930a6\" data-element_type=\"widget\" data-widget_type=\"stal_core_button.default\">\n\t\t\t\t<div class=\"elementor-widget-container\">\n\t\t\t<a class=\"qodef-shortcode qodef-m  qodef-button qodef-layout--filled qodef-size--large qodef-html--link\" href=\"https:\/\/jjmf.pt\/index.php\/industria-da-reciclagem\/\" target=\"_self\"  >\n\t<span class=\"qodef-m-text\">\n        Voltar \u00e0 p\u00e1gina Home        <svg class=\"qodef-m-arrowline\" xmlns=\"http:\/\/www.w3.org\/2000\/svg\" xmlns:xlink=\"http:\/\/www.w3.org\/1999\/xlink\" x=\"0px\" y=\"0px\" viewBox=\"0 0 63 20\" xml:space=\"preserve\">\n                            <line x1=\"61.6\" y1=\"10\" x2=\"61.6\" y2=\"10\"\/>\n                            <line x1=\"62\" y1=\"10\" x2=\"61.6\" y2=\"10\"\/>\n                            <line x1=\"61.6\" y1=\"10\" x2=\"1\" y2=\"10\"\/>\n                            <path d=\"M61.6,10\"\/>\n                            <line x1=\"61.6\" y1=\"10\" x2=\"61.6\" y2=\"10\"\/>\n                            <line class=\"arrow-up\" x1=\"56.7\" y1=\"5.1\" x2=\"61.6\" y2=\"10\"\/>\n                            <path d=\"M61.6,10\"\/>\n                            <line x1=\"61.6\" y1=\"10\" x2=\"61.6\" y2=\"10\"\/>\n                            <line class=\"arrow-down\" x1=\"61.6\" y1=\"10\" x2=\"56.7\" y2=\"14.9\"\/>\n                        <\/svg>    <\/span>\n<\/a>\t\t<\/div>\n\t\t\t\t<\/div>\n\t\t\t\t\t<\/div>\n\t\t<\/div>\n\t\t\t\t\t\t\t<\/div>\n\t\t<\/section>\n\t\t\t\t\t\t<\/div>\n\t\t\t\t\t<\/div>\n\t\t","protected":false},"excerpt":{"rendered":"<p>Rentabiliza\u00e7\u00e3o das ferramentas existentes Por forma a rentabilizar as ferramentas existentes, temos o servi\u00e7o de rectifica\u00e7\u00e3o de ferramentas que proporciona a que se prolongue o uso das mesmas e que seja uma possibilidade mais r\u00e1pida e econ\u00f3mica para os nossos clientes. Esses servi\u00e7os estendem-se aos seguintes componentes: Bases, Matrizes, Pun\u00e7\u00f5es, Cal\u00e7os Intermedi\u00e1rios, Aventais\/Travess\u00f5es, Paralelas de [&hellip;]<\/p>\n","protected":false},"author":1,"featured_media":0,"parent":0,"menu_order":0,"comment_status":"closed","ping_status":"closed","template":"page-full-width.php","meta":[],"yoast_head":"<!-- This site is optimized with the Yoast SEO plugin v19.0 - https:\/\/yoast.com\/wordpress\/plugins\/seo\/ -->\n<title>Retifica\u00e7\u00e3o de Ferramentas - JJMF<\/title>\n<meta name=\"robots\" content=\"index, follow, max-snippet:-1, max-image-preview:large, max-video-preview:-1\" \/>\n<link rel=\"canonical\" href=\"https:\/\/jjmf.pt\/index.php\/retificacao-de-ferramentas\/\" \/>\n<meta property=\"og:locale\" content=\"pt_PT\" \/>\n<meta property=\"og:type\" content=\"article\" \/>\n<meta property=\"og:title\" content=\"Retifica\u00e7\u00e3o de Ferramentas - JJMF\" \/>\n<meta property=\"og:description\" content=\"Rentabiliza\u00e7\u00e3o das ferramentas existentes Por forma a rentabilizar as ferramentas existentes, temos o servi\u00e7o de rectifica\u00e7\u00e3o de ferramentas que proporciona a que se prolongue o uso das mesmas e que seja uma possibilidade mais r\u00e1pida e econ\u00f3mica para os nossos clientes. Esses servi\u00e7os estendem-se aos seguintes componentes: Bases, Matrizes, Pun\u00e7\u00f5es, Cal\u00e7os Intermedi\u00e1rios, Aventais\/Travess\u00f5es, Paralelas de [&hellip;]\" \/>\n<meta property=\"og:url\" content=\"https:\/\/jjmf.pt\/index.php\/retificacao-de-ferramentas\/\" \/>\n<meta property=\"og:site_name\" content=\"JJMF\" \/>\n<meta property=\"article:publisher\" content=\"https:\/\/www.facebook.com\/joaojesusmartinsefilhos\" \/>\n<meta property=\"article:modified_time\" content=\"2022-06-11T13:17:10+00:00\" \/>\n<meta property=\"og:image\" content=\"https:\/\/jjmf.pt\/wp-content\/uploads\/2022\/04\/IMG_2223-scaled-500x600.jpg\" \/>\n<meta name=\"twitter:card\" content=\"summary_large_image\" \/>\n<meta name=\"twitter:label1\" content=\"Tempo estimado de leitura\" \/>\n\t<meta name=\"twitter:data1\" content=\"2 minutos\" \/>\n<script type=\"application\/ld+json\" class=\"yoast-schema-graph\">{\"@context\":\"https:\/\/schema.org\",\"@graph\":[{\"@type\":\"Organization\",\"@id\":\"https:\/\/jjmf.pt\/#organization\",\"name\":\"JJMF\",\"url\":\"https:\/\/jjmf.pt\/\",\"sameAs\":[\"https:\/\/www.facebook.com\/joaojesusmartinsefilhos\"],\"logo\":{\"@type\":\"ImageObject\",\"inLanguage\":\"pt-PT\",\"@id\":\"https:\/\/jjmf.pt\/#\/schema\/logo\/image\/\",\"url\":\"https:\/\/jjmf.pt\/wp-content\/uploads\/2022\/04\/LOGO_JJMF-removebg-preview.png\",\"contentUrl\":\"https:\/\/jjmf.pt\/wp-content\/uploads\/2022\/04\/LOGO_JJMF-removebg-preview.png\",\"width\":1005,\"height\":248,\"caption\":\"JJMF\"},\"image\":{\"@id\":\"https:\/\/jjmf.pt\/#\/schema\/logo\/image\/\"}},{\"@type\":\"WebSite\",\"@id\":\"https:\/\/jjmf.pt\/#website\",\"url\":\"https:\/\/jjmf.pt\/\",\"name\":\"JJMF\",\"description\":\"M\u00e1quinas industriais\",\"publisher\":{\"@id\":\"https:\/\/jjmf.pt\/#organization\"},\"potentialAction\":[{\"@type\":\"SearchAction\",\"target\":{\"@type\":\"EntryPoint\",\"urlTemplate\":\"https:\/\/jjmf.pt\/?s={search_term_string}\"},\"query-input\":\"required name=search_term_string\"}],\"inLanguage\":\"pt-PT\"},{\"@type\":\"ImageObject\",\"inLanguage\":\"pt-PT\",\"@id\":\"https:\/\/jjmf.pt\/index.php\/retificacao-de-ferramentas\/#primaryimage\",\"url\":\"https:\/\/jjmf.pt\/wp-content\/uploads\/2022\/04\/IMG_2223-scaled.jpg\",\"contentUrl\":\"https:\/\/jjmf.pt\/wp-content\/uploads\/2022\/04\/IMG_2223-scaled.jpg\",\"width\":1707,\"height\":2560},{\"@type\":\"WebPage\",\"@id\":\"https:\/\/jjmf.pt\/index.php\/retificacao-de-ferramentas\/#webpage\",\"url\":\"https:\/\/jjmf.pt\/index.php\/retificacao-de-ferramentas\/\",\"name\":\"Retifica\u00e7\u00e3o de Ferramentas - JJMF\",\"isPartOf\":{\"@id\":\"https:\/\/jjmf.pt\/#website\"},\"primaryImageOfPage\":{\"@id\":\"https:\/\/jjmf.pt\/index.php\/retificacao-de-ferramentas\/#primaryimage\"},\"datePublished\":\"2022-02-25T14:44:22+00:00\",\"dateModified\":\"2022-06-11T13:17:10+00:00\",\"breadcrumb\":{\"@id\":\"https:\/\/jjmf.pt\/index.php\/retificacao-de-ferramentas\/#breadcrumb\"},\"inLanguage\":\"pt-PT\",\"potentialAction\":[{\"@type\":\"ReadAction\",\"target\":[\"https:\/\/jjmf.pt\/index.php\/retificacao-de-ferramentas\/\"]}]},{\"@type\":\"BreadcrumbList\",\"@id\":\"https:\/\/jjmf.pt\/index.php\/retificacao-de-ferramentas\/#breadcrumb\",\"itemListElement\":[{\"@type\":\"ListItem\",\"position\":1,\"name\":\"In\u00edcio\",\"item\":\"https:\/\/jjmf.pt\/\"},{\"@type\":\"ListItem\",\"position\":2,\"name\":\"Retifica\u00e7\u00e3o de Ferramentas\"}]}]}<\/script>\n<!-- \/ Yoast SEO plugin. -->","yoast_head_json":{"title":"Retifica\u00e7\u00e3o de Ferramentas - JJMF","robots":{"index":"index","follow":"follow","max-snippet":"max-snippet:-1","max-image-preview":"max-image-preview:large","max-video-preview":"max-video-preview:-1"},"canonical":"https:\/\/jjmf.pt\/index.php\/retificacao-de-ferramentas\/","og_locale":"pt_PT","og_type":"article","og_title":"Retifica\u00e7\u00e3o de Ferramentas - JJMF","og_description":"Rentabiliza\u00e7\u00e3o das ferramentas existentes Por forma a rentabilizar as ferramentas existentes, temos o servi\u00e7o de rectifica\u00e7\u00e3o de ferramentas que proporciona a que se prolongue o uso das mesmas e que seja uma possibilidade mais r\u00e1pida e econ\u00f3mica para os nossos clientes. Esses servi\u00e7os estendem-se aos seguintes componentes: Bases, Matrizes, Pun\u00e7\u00f5es, Cal\u00e7os Intermedi\u00e1rios, Aventais\/Travess\u00f5es, Paralelas de [&hellip;]","og_url":"https:\/\/jjmf.pt\/index.php\/retificacao-de-ferramentas\/","og_site_name":"JJMF","article_publisher":"https:\/\/www.facebook.com\/joaojesusmartinsefilhos","article_modified_time":"2022-06-11T13:17:10+00:00","og_image":[{"url":"https:\/\/jjmf.pt\/wp-content\/uploads\/2022\/04\/IMG_2223-scaled-500x600.jpg"}],"twitter_card":"summary_large_image","twitter_misc":{"Tempo estimado de leitura":"2 minutos"},"schema":{"@context":"https:\/\/schema.org","@graph":[{"@type":"Organization","@id":"https:\/\/jjmf.pt\/#organization","name":"JJMF","url":"https:\/\/jjmf.pt\/","sameAs":["https:\/\/www.facebook.com\/joaojesusmartinsefilhos"],"logo":{"@type":"ImageObject","inLanguage":"pt-PT","@id":"https:\/\/jjmf.pt\/#\/schema\/logo\/image\/","url":"https:\/\/jjmf.pt\/wp-content\/uploads\/2022\/04\/LOGO_JJMF-removebg-preview.png","contentUrl":"https:\/\/jjmf.pt\/wp-content\/uploads\/2022\/04\/LOGO_JJMF-removebg-preview.png","width":1005,"height":248,"caption":"JJMF"},"image":{"@id":"https:\/\/jjmf.pt\/#\/schema\/logo\/image\/"}},{"@type":"WebSite","@id":"https:\/\/jjmf.pt\/#website","url":"https:\/\/jjmf.pt\/","name":"JJMF","description":"M\u00e1quinas industriais","publisher":{"@id":"https:\/\/jjmf.pt\/#organization"},"potentialAction":[{"@type":"SearchAction","target":{"@type":"EntryPoint","urlTemplate":"https:\/\/jjmf.pt\/?s={search_term_string}"},"query-input":"required name=search_term_string"}],"inLanguage":"pt-PT"},{"@type":"ImageObject","inLanguage":"pt-PT","@id":"https:\/\/jjmf.pt\/index.php\/retificacao-de-ferramentas\/#primaryimage","url":"https:\/\/jjmf.pt\/wp-content\/uploads\/2022\/04\/IMG_2223-scaled.jpg","contentUrl":"https:\/\/jjmf.pt\/wp-content\/uploads\/2022\/04\/IMG_2223-scaled.jpg","width":1707,"height":2560},{"@type":"WebPage","@id":"https:\/\/jjmf.pt\/index.php\/retificacao-de-ferramentas\/#webpage","url":"https:\/\/jjmf.pt\/index.php\/retificacao-de-ferramentas\/","name":"Retifica\u00e7\u00e3o de Ferramentas - JJMF","isPartOf":{"@id":"https:\/\/jjmf.pt\/#website"},"primaryImageOfPage":{"@id":"https:\/\/jjmf.pt\/index.php\/retificacao-de-ferramentas\/#primaryimage"},"datePublished":"2022-02-25T14:44:22+00:00","dateModified":"2022-06-11T13:17:10+00:00","breadcrumb":{"@id":"https:\/\/jjmf.pt\/index.php\/retificacao-de-ferramentas\/#breadcrumb"},"inLanguage":"pt-PT","potentialAction":[{"@type":"ReadAction","target":["https:\/\/jjmf.pt\/index.php\/retificacao-de-ferramentas\/"]}]},{"@type":"BreadcrumbList","@id":"https:\/\/jjmf.pt\/index.php\/retificacao-de-ferramentas\/#breadcrumb","itemListElement":[{"@type":"ListItem","position":1,"name":"In\u00edcio","item":"https:\/\/jjmf.pt\/"},{"@type":"ListItem","position":2,"name":"Retifica\u00e7\u00e3o de Ferramentas"}]}]}},"_links":{"self":[{"href":"https:\/\/jjmf.pt\/index.php\/wp-json\/wp\/v2\/pages\/5522"}],"collection":[{"href":"https:\/\/jjmf.pt\/index.php\/wp-json\/wp\/v2\/pages"}],"about":[{"href":"https:\/\/jjmf.pt\/index.php\/wp-json\/wp\/v2\/types\/page"}],"author":[{"embeddable":true,"href":"https:\/\/jjmf.pt\/index.php\/wp-json\/wp\/v2\/users\/1"}],"replies":[{"embeddable":true,"href":"https:\/\/jjmf.pt\/index.php\/wp-json\/wp\/v2\/comments?post=5522"}],"version-history":[{"count":33,"href":"https:\/\/jjmf.pt\/index.php\/wp-json\/wp\/v2\/pages\/5522\/revisions"}],"predecessor-version":[{"id":7212,"href":"https:\/\/jjmf.pt\/index.php\/wp-json\/wp\/v2\/pages\/5522\/revisions\/7212"}],"wp:attachment":[{"href":"https:\/\/jjmf.pt\/index.php\/wp-json\/wp\/v2\/media?parent=5522"}],"curies":[{"name":"wp","href":"https:\/\/api.w.org\/{rel}","templated":true}]}}