{"id":5503,"date":"2022-02-25T14:33:08","date_gmt":"2022-02-25T14:33:08","guid":{"rendered":"https:\/\/jjmf.pt\/?page_id=5503"},"modified":"2022-06-06T10:26:18","modified_gmt":"2022-06-06T10:26:18","slug":"servicos","status":"publish","type":"page","link":"https:\/\/jjmf.pt\/index.php\/servicos\/","title":{"rendered":"Servi\u00e7os"},"content":{"rendered":"\t\t<div data-elementor-type=\"wp-page\" data-elementor-id=\"5503\" class=\"elementor elementor-5503\" data-elementor-settings=\"[]\">\n\t\t\t\t\t\t\t<div class=\"elementor-section-wrap\">\n\t\t\t\t\t\t\t<section class=\"elementor-section elementor-top-section elementor-element elementor-element-95107b4 elementor-section-boxed elementor-section-height-default elementor-section-height-default qodef-elementor-content-no\" data-id=\"95107b4\" data-element_type=\"section\">\n\t\t\t\t\t\t<div class=\"elementor-container elementor-column-gap-default\">\n\t\t\t\t\t<div class=\"elementor-column elementor-col-100 elementor-top-column elementor-element elementor-element-9ccd488\" data-id=\"9ccd488\" data-element_type=\"column\">\n\t\t\t<div class=\"elementor-widget-wrap elementor-element-populated\">\n\t\t\t\t\t\t\t\t<div class=\"elementor-element elementor-element-0ef9a9d elementor-widget elementor-widget-stal_core_section_title\" data-id=\"0ef9a9d\" data-element_type=\"widget\" data-widget_type=\"stal_core_section_title.default\">\n\t\t\t\t<div class=\"elementor-widget-container\">\n\t\t\t<div class=\"qodef-shortcode qodef-m  qodef-section-title qodef-alignment--left  \">\n\t\t<\/div>\t\t<\/div>\n\t\t\t\t<\/div>\n\t\t\t\t<div class=\"elementor-element elementor-element-f96fe23 elementor-widget elementor-widget-stal_core_section_title\" data-id=\"f96fe23\" data-element_type=\"widget\" data-widget_type=\"stal_core_section_title.default\">\n\t\t\t\t<div class=\"elementor-widget-container\">\n\t\t\t<div class=\"qodef-shortcode qodef-m  qodef-section-title qodef-alignment--left  \">\n\t\t\t<p class=\"qodef-m-text\" >A jjmf disp\u00f5e de alguns servi\u00e7os para quinadoras, guilhotinas e outros equipamentos de diversas marcas e modelos.\n\nAl\u00e9m desse servi\u00e7o disponibilizamos outros servi\u00e7os a equipamentos da ind\u00fastria de reciclagem.<\/p>\n<\/div>\t\t<\/div>\n\t\t\t\t<\/div>\n\t\t\t\t\t<\/div>\n\t\t<\/div>\n\t\t\t\t\t\t\t<\/div>\n\t\t<\/section>\n\t\t\t\t<section class=\"elementor-section elementor-top-section elementor-element elementor-element-a92cf62 elementor-section-full_width elementor-section-height-default elementor-section-height-default qodef-elementor-content-no\" data-id=\"a92cf62\" data-element_type=\"section\">\n\t\t\t\t\t\t<div class=\"elementor-container elementor-column-gap-default\">\n\t\t\t\t\t<div class=\"elementor-column elementor-col-50 elementor-top-column elementor-element elementor-element-7909c8d\" data-id=\"7909c8d\" data-element_type=\"column\" data-settings=\"{&quot;background_background&quot;:&quot;classic&quot;}\">\n\t\t\t<div class=\"elementor-widget-wrap elementor-element-populated\">\n\t\t\t\t\t\t\t\t<div class=\"elementor-element elementor-element-37e0951 elementor-widget elementor-widget-spacer\" data-id=\"37e0951\" data-element_type=\"widget\" data-widget_type=\"spacer.default\">\n\t\t\t\t<div class=\"elementor-widget-container\">\n\t\t\t\t\t<div class=\"elementor-spacer\">\n\t\t\t<div class=\"elementor-spacer-inner\"><\/div>\n\t\t<\/div>\n\t\t\t\t<\/div>\n\t\t\t\t<\/div>\n\t\t\t\t\t<\/div>\n\t\t<\/div>\n\t\t\t\t<div class=\"elementor-column elementor-col-50 elementor-top-column elementor-element elementor-element-8871b7b\" data-id=\"8871b7b\" data-element_type=\"column\">\n\t\t\t<div class=\"elementor-widget-wrap elementor-element-populated\">\n\t\t\t\t\t\t\t\t<div class=\"elementor-element elementor-element-8eaf202 elementor-widget elementor-widget-stal_core_section_title\" data-id=\"8eaf202\" data-element_type=\"widget\" data-widget_type=\"stal_core_section_title.default\">\n\t\t\t\t<div class=\"elementor-widget-container\">\n\t\t\t<div class=\"qodef-shortcode qodef-m  qodef-section-title qodef-alignment--left  \">\n\t\t<div class=\"qodef-m-title-wrap\">\n\t\t<h2 class=\"qodef-m-title\" >\n\t\t\t\t\tASSIST\u00caNCIA T\u00c9CNICA\t\t\t<\/h2>\n\t\n\t<\/div>\n\t\t<p class=\"qodef-m-text\" style=\"font-size: 19px;line-height: 30px\">O servi\u00e7o de assist\u00eancia t\u00e9cnica da JJMF \u00e9 constitu\u00edda por engenheiros e t\u00e9cnicos\nespecializados em mec\u00e2nica, pneum\u00e1tica, automatiza\u00e7\u00e3o, programa\u00e7\u00e3o e\neletr\u00f3nica. \nPrestamos este servi\u00e7o em Portugal continental e ilhas.<\/p>\n<\/div>\t\t<\/div>\n\t\t\t\t<\/div>\n\t\t\t\t<div class=\"elementor-element elementor-element-d0280ba elementor-widget elementor-widget-stal_core_button\" data-id=\"d0280ba\" data-element_type=\"widget\" data-widget_type=\"stal_core_button.default\">\n\t\t\t\t<div class=\"elementor-widget-container\">\n\t\t\t<a class=\"qodef-shortcode qodef-m  qodef-button qodef-layout--splitted  qodef-html--link\" href=\"https:\/\/jjmf.pt\/index.php\/assistencia-tecnica\/\" target=\"_self\"  >\r\n    <span class=\"qodef-m-text\">\r\n        Saber mais        <svg class=\"qodef-m-arrowline\" xmlns=\"http:\/\/www.w3.org\/2000\/svg\" xmlns:xlink=\"http:\/\/www.w3.org\/1999\/xlink\" x=\"0px\" y=\"0px\" viewBox=\"0 0 63 20\" xml:space=\"preserve\">\n                            <line x1=\"61.6\" y1=\"10\" x2=\"61.6\" y2=\"10\"\/>\n                            <line x1=\"62\" y1=\"10\" x2=\"61.6\" y2=\"10\"\/>\n                            <line x1=\"61.6\" y1=\"10\" x2=\"1\" y2=\"10\"\/>\n                            <path d=\"M61.6,10\"\/>\n                            <line x1=\"61.6\" y1=\"10\" x2=\"61.6\" y2=\"10\"\/>\n                            <line class=\"arrow-up\" x1=\"56.7\" y1=\"5.1\" x2=\"61.6\" y2=\"10\"\/>\n                            <path d=\"M61.6,10\"\/>\n                            <line x1=\"61.6\" y1=\"10\" x2=\"61.6\" y2=\"10\"\/>\n                            <line class=\"arrow-down\" x1=\"61.6\" y1=\"10\" x2=\"56.7\" y2=\"14.9\"\/>\n                        <\/svg>    <\/span>\r\n    <span class=\"qodef-m-split qodef-split--up\"><\/span>\r\n    <span class=\"qodef-m-split qodef-split--down\"><\/span>\r\n<\/a>\r\n\t\t<\/div>\n\t\t\t\t<\/div>\n\t\t\t\t\t<\/div>\n\t\t<\/div>\n\t\t\t\t\t\t\t<\/div>\n\t\t<\/section>\n\t\t\t\t<section class=\"elementor-section elementor-top-section elementor-element elementor-element-2cca1cb elementor-section-full_width elementor-section-height-default elementor-section-height-default qodef-elementor-content-no\" data-id=\"2cca1cb\" data-element_type=\"section\">\n\t\t\t\t\t\t<div class=\"elementor-container elementor-column-gap-default\">\n\t\t\t\t\t<div class=\"elementor-column elementor-col-50 elementor-top-column elementor-element elementor-element-61b0a55\" data-id=\"61b0a55\" data-element_type=\"column\">\n\t\t\t<div class=\"elementor-widget-wrap elementor-element-populated\">\n\t\t\t\t\t\t\t\t<div class=\"elementor-element elementor-element-f25261a elementor-widget elementor-widget-stal_core_section_title\" data-id=\"f25261a\" data-element_type=\"widget\" data-widget_type=\"stal_core_section_title.default\">\n\t\t\t\t<div class=\"elementor-widget-container\">\n\t\t\t<div class=\"qodef-shortcode qodef-m  qodef-section-title qodef-alignment--left  \">\n\t\t<div class=\"qodef-m-title-wrap\">\n\t\t<h2 class=\"qodef-m-title\" >\n\t\t\t\t\tRETIFICA\u00c7\u00c3O DE FERRAMENTAS\t\t\t<\/h2>\n\t\n\t<\/div>\n\t\t<p class=\"qodef-m-text\" style=\"font-size: 19px;line-height: 30px\">Por forma a rentabilizar as ferramentas existentes, temos o servi\u00e7o de\nretifica\u00e7\u00e3o de ferramentas at\u00e9 6000mm de comprimento.<\/p>\n<\/div>\t\t<\/div>\n\t\t\t\t<\/div>\n\t\t\t\t<div class=\"elementor-element elementor-element-d13c767 elementor-widget elementor-widget-stal_core_button\" data-id=\"d13c767\" data-element_type=\"widget\" data-widget_type=\"stal_core_button.default\">\n\t\t\t\t<div class=\"elementor-widget-container\">\n\t\t\t<a class=\"qodef-shortcode qodef-m  qodef-button qodef-layout--splitted  qodef-html--link\" href=\"https:\/\/jjmf.pt\/index.php\/retificacao-de-ferramentas\/\" target=\"_self\"  >\r\n    <span class=\"qodef-m-text\">\r\n        Saber mais        <svg class=\"qodef-m-arrowline\" xmlns=\"http:\/\/www.w3.org\/2000\/svg\" xmlns:xlink=\"http:\/\/www.w3.org\/1999\/xlink\" x=\"0px\" y=\"0px\" viewBox=\"0 0 63 20\" xml:space=\"preserve\">\n                            <line x1=\"61.6\" y1=\"10\" x2=\"61.6\" y2=\"10\"\/>\n                            <line x1=\"62\" y1=\"10\" x2=\"61.6\" y2=\"10\"\/>\n                            <line x1=\"61.6\" y1=\"10\" x2=\"1\" y2=\"10\"\/>\n                            <path d=\"M61.6,10\"\/>\n                            <line x1=\"61.6\" y1=\"10\" x2=\"61.6\" y2=\"10\"\/>\n                            <line class=\"arrow-up\" x1=\"56.7\" y1=\"5.1\" x2=\"61.6\" y2=\"10\"\/>\n                            <path d=\"M61.6,10\"\/>\n                            <line x1=\"61.6\" y1=\"10\" x2=\"61.6\" y2=\"10\"\/>\n                            <line class=\"arrow-down\" x1=\"61.6\" y1=\"10\" x2=\"56.7\" y2=\"14.9\"\/>\n                        <\/svg>    <\/span>\r\n    <span class=\"qodef-m-split qodef-split--up\"><\/span>\r\n    <span class=\"qodef-m-split qodef-split--down\"><\/span>\r\n<\/a>\r\n\t\t<\/div>\n\t\t\t\t<\/div>\n\t\t\t\t\t<\/div>\n\t\t<\/div>\n\t\t\t\t<div class=\"elementor-column elementor-col-50 elementor-top-column elementor-element elementor-element-8539fe7 elementor-hidden-mobile\" data-id=\"8539fe7\" data-element_type=\"column\" data-settings=\"{&quot;background_background&quot;:&quot;classic&quot;}\">\n\t\t\t<div class=\"elementor-widget-wrap elementor-element-populated\">\n\t\t\t\t\t\t\t\t<div class=\"elementor-element elementor-element-4a6b23d elementor-widget elementor-widget-spacer\" data-id=\"4a6b23d\" data-element_type=\"widget\" data-widget_type=\"spacer.default\">\n\t\t\t\t<div class=\"elementor-widget-container\">\n\t\t\t\t\t<div class=\"elementor-spacer\">\n\t\t\t<div class=\"elementor-spacer-inner\"><\/div>\n\t\t<\/div>\n\t\t\t\t<\/div>\n\t\t\t\t<\/div>\n\t\t\t\t\t<\/div>\n\t\t<\/div>\n\t\t\t\t\t\t\t<\/div>\n\t\t<\/section>\n\t\t\t\t<section class=\"elementor-section elementor-top-section elementor-element elementor-element-552efa2 elementor-section-full_width elementor-section-height-default elementor-section-height-default qodef-elementor-content-no\" data-id=\"552efa2\" data-element_type=\"section\">\n\t\t\t\t\t\t<div class=\"elementor-container elementor-column-gap-default\">\n\t\t\t\t\t<div class=\"elementor-column elementor-col-50 elementor-top-column elementor-element elementor-element-ba677ca elementor-hidden-mobile\" data-id=\"ba677ca\" data-element_type=\"column\" data-settings=\"{&quot;background_background&quot;:&quot;classic&quot;}\">\n\t\t\t<div class=\"elementor-widget-wrap elementor-element-populated\">\n\t\t\t\t\t\t\t\t<div class=\"elementor-element elementor-element-cc5b9b8 elementor-widget elementor-widget-spacer\" data-id=\"cc5b9b8\" data-element_type=\"widget\" data-widget_type=\"spacer.default\">\n\t\t\t\t<div class=\"elementor-widget-container\">\n\t\t\t\t\t<div class=\"elementor-spacer\">\n\t\t\t<div class=\"elementor-spacer-inner\"><\/div>\n\t\t<\/div>\n\t\t\t\t<\/div>\n\t\t\t\t<\/div>\n\t\t\t\t\t<\/div>\n\t\t<\/div>\n\t\t\t\t<div class=\"elementor-column elementor-col-50 elementor-top-column elementor-element elementor-element-9413a72\" data-id=\"9413a72\" data-element_type=\"column\">\n\t\t\t<div class=\"elementor-widget-wrap elementor-element-populated\">\n\t\t\t\t\t\t\t\t<div class=\"elementor-element elementor-element-09c9fc9 elementor-widget elementor-widget-stal_core_section_title\" data-id=\"09c9fc9\" data-element_type=\"widget\" data-widget_type=\"stal_core_section_title.default\">\n\t\t\t\t<div class=\"elementor-widget-container\">\n\t\t\t<div class=\"qodef-shortcode qodef-m  qodef-section-title qodef-alignment--left  \">\n\t\t<div class=\"qodef-m-title-wrap\">\n\t\t<h2 class=\"qodef-m-title\" >\n\t\t\t\t\tRECONDICIONAMENTO DE EQUIPAMENTOS\t\t\t<\/h2>\n\t\n\t<\/div>\n\t\t<p class=\"qodef-m-text\" style=\"font-size: 19px;line-height: 30px\">Com a crescente necessidade de rentabilizar e modernizar os equipamentos\nexistentes no mercado de trabalho, disponibilizamos o servi\u00e7o de\nrecondicionamento de equipamentos. Em parceria com um organismo\nnotificado, fazemos a recolha das necessidades e prestamos todo o servi\u00e7o\nassociado ao DL.50\/2005.<\/p>\n<\/div>\t\t<\/div>\n\t\t\t\t<\/div>\n\t\t\t\t<div class=\"elementor-element elementor-element-fee0627 elementor-widget elementor-widget-stal_core_button\" data-id=\"fee0627\" data-element_type=\"widget\" data-widget_type=\"stal_core_button.default\">\n\t\t\t\t<div class=\"elementor-widget-container\">\n\t\t\t<a class=\"qodef-shortcode qodef-m  qodef-button qodef-layout--splitted  qodef-html--link\" href=\"https:\/\/jjmf.pt\/index.php\/recondicionamento-de-equipamentos\/\" target=\"_self\"  >\r\n    <span class=\"qodef-m-text\">\r\n        Saber mais        <svg class=\"qodef-m-arrowline\" xmlns=\"http:\/\/www.w3.org\/2000\/svg\" xmlns:xlink=\"http:\/\/www.w3.org\/1999\/xlink\" x=\"0px\" y=\"0px\" viewBox=\"0 0 63 20\" xml:space=\"preserve\">\n                            <line x1=\"61.6\" y1=\"10\" x2=\"61.6\" y2=\"10\"\/>\n                            <line x1=\"62\" y1=\"10\" x2=\"61.6\" y2=\"10\"\/>\n                            <line x1=\"61.6\" y1=\"10\" x2=\"1\" y2=\"10\"\/>\n                            <path d=\"M61.6,10\"\/>\n                            <line x1=\"61.6\" y1=\"10\" x2=\"61.6\" y2=\"10\"\/>\n                            <line class=\"arrow-up\" x1=\"56.7\" y1=\"5.1\" x2=\"61.6\" y2=\"10\"\/>\n                            <path d=\"M61.6,10\"\/>\n                            <line x1=\"61.6\" y1=\"10\" x2=\"61.6\" y2=\"10\"\/>\n                            <line class=\"arrow-down\" x1=\"61.6\" y1=\"10\" x2=\"56.7\" y2=\"14.9\"\/>\n                        <\/svg>    <\/span>\r\n    <span class=\"qodef-m-split qodef-split--up\"><\/span>\r\n    <span class=\"qodef-m-split qodef-split--down\"><\/span>\r\n<\/a>\r\n\t\t<\/div>\n\t\t\t\t<\/div>\n\t\t\t\t\t<\/div>\n\t\t<\/div>\n\t\t\t\t\t\t\t<\/div>\n\t\t<\/section>\n\t\t\t\t<section class=\"elementor-section elementor-top-section elementor-element elementor-element-b7166d1 elementor-section-full_width elementor-section-height-default elementor-section-height-default qodef-elementor-content-no\" data-id=\"b7166d1\" data-element_type=\"section\">\n\t\t\t\t\t\t<div class=\"elementor-container elementor-column-gap-default\">\n\t\t\t\t\t<div class=\"elementor-column elementor-col-50 elementor-top-column elementor-element elementor-element-ac08b68\" data-id=\"ac08b68\" data-element_type=\"column\">\n\t\t\t<div class=\"elementor-widget-wrap elementor-element-populated\">\n\t\t\t\t\t\t\t\t<div class=\"elementor-element elementor-element-3133bc5 elementor-widget elementor-widget-stal_core_section_title\" data-id=\"3133bc5\" data-element_type=\"widget\" data-widget_type=\"stal_core_section_title.default\">\n\t\t\t\t<div class=\"elementor-widget-container\">\n\t\t\t<div class=\"qodef-shortcode qodef-m  qodef-section-title qodef-alignment--left  \">\n\t\t<div class=\"qodef-m-title-wrap\">\n\t\t<h2 class=\"qodef-m-title\" >\n\t\t\t\t\tIND\u00daSTRIA DA RECICLAGEM\t\t\t<\/h2>\n\t\n\t<\/div>\n\t\t<p class=\"qodef-m-text\" style=\"font-size: 19px;line-height: 30px\">Prestamos assist\u00eancia a equipamentos da ind\u00fastrias da reciclagem no que diz\nrespeito a manuten\u00e7\u00f5es corretivas, bem como recondicionamentos e\nfornecimento de componentes.\nCompactadoras\nEnfardadoras\nTesouras hidr\u00e1ulicas\nL\u00e2minas<\/p>\n<\/div>\t\t<\/div>\n\t\t\t\t<\/div>\n\t\t\t\t<div class=\"elementor-element elementor-element-8ee6422 elementor-widget elementor-widget-stal_core_button\" data-id=\"8ee6422\" data-element_type=\"widget\" data-widget_type=\"stal_core_button.default\">\n\t\t\t\t<div class=\"elementor-widget-container\">\n\t\t\t<a class=\"qodef-shortcode qodef-m  qodef-button qodef-layout--splitted  qodef-html--link\" href=\"https:\/\/jjmf.pt\/index.php\/industria-da-reciclagem\/\" target=\"_self\"  >\r\n    <span class=\"qodef-m-text\">\r\n        Saber mais        <svg class=\"qodef-m-arrowline\" xmlns=\"http:\/\/www.w3.org\/2000\/svg\" xmlns:xlink=\"http:\/\/www.w3.org\/1999\/xlink\" x=\"0px\" y=\"0px\" viewBox=\"0 0 63 20\" xml:space=\"preserve\">\n                            <line x1=\"61.6\" y1=\"10\" x2=\"61.6\" y2=\"10\"\/>\n                            <line x1=\"62\" y1=\"10\" x2=\"61.6\" y2=\"10\"\/>\n                            <line x1=\"61.6\" y1=\"10\" x2=\"1\" y2=\"10\"\/>\n                            <path d=\"M61.6,10\"\/>\n                            <line x1=\"61.6\" y1=\"10\" x2=\"61.6\" y2=\"10\"\/>\n                            <line class=\"arrow-up\" x1=\"56.7\" y1=\"5.1\" x2=\"61.6\" y2=\"10\"\/>\n                            <path d=\"M61.6,10\"\/>\n                            <line x1=\"61.6\" y1=\"10\" x2=\"61.6\" y2=\"10\"\/>\n                            <line class=\"arrow-down\" x1=\"61.6\" y1=\"10\" x2=\"56.7\" y2=\"14.9\"\/>\n                        <\/svg>    <\/span>\r\n    <span class=\"qodef-m-split qodef-split--up\"><\/span>\r\n    <span class=\"qodef-m-split qodef-split--down\"><\/span>\r\n<\/a>\r\n\t\t<\/div>\n\t\t\t\t<\/div>\n\t\t\t\t\t<\/div>\n\t\t<\/div>\n\t\t\t\t<div class=\"elementor-column elementor-col-50 elementor-top-column elementor-element elementor-element-177eeb5\" data-id=\"177eeb5\" data-element_type=\"column\" data-settings=\"{&quot;background_background&quot;:&quot;classic&quot;}\">\n\t\t\t<div class=\"elementor-widget-wrap elementor-element-populated\">\n\t\t\t\t\t\t\t\t<div class=\"elementor-element elementor-element-5f581b8 elementor-widget elementor-widget-spacer\" data-id=\"5f581b8\" data-element_type=\"widget\" data-widget_type=\"spacer.default\">\n\t\t\t\t<div class=\"elementor-widget-container\">\n\t\t\t\t\t<div class=\"elementor-spacer\">\n\t\t\t<div class=\"elementor-spacer-inner\"><\/div>\n\t\t<\/div>\n\t\t\t\t<\/div>\n\t\t\t\t<\/div>\n\t\t\t\t\t<\/div>\n\t\t<\/div>\n\t\t\t\t\t\t\t<\/div>\n\t\t<\/section>\n\t\t\t\t\t\t<\/div>\n\t\t\t\t\t<\/div>\n\t\t","protected":false},"excerpt":{"rendered":"<p>A jjmf disp\u00f5e de alguns servi\u00e7os para quinadoras, guilhotinas e outros equipamentos de diversas marcas e modelos. Al\u00e9m desse servi\u00e7o disponibilizamos outros servi\u00e7os a equipamentos da ind\u00fastria de reciclagem. ASSIST\u00caNCIA T\u00c9CNICA O servi\u00e7o de assist\u00eancia t\u00e9cnica da JJMF \u00e9 constitu\u00edda por engenheiros e t\u00e9cnicos especializados em mec\u00e2nica, pneum\u00e1tica, automatiza\u00e7\u00e3o, programa\u00e7\u00e3o e eletr\u00f3nica. Prestamos este servi\u00e7o [&hellip;]<\/p>\n","protected":false},"author":1,"featured_media":0,"parent":0,"menu_order":0,"comment_status":"closed","ping_status":"closed","template":"page-full-width.php","meta":[],"yoast_head":"<!-- This site is optimized with the Yoast SEO plugin v19.0 - https:\/\/yoast.com\/wordpress\/plugins\/seo\/ -->\n<title>Servi\u00e7os - JJMF<\/title>\n<meta name=\"robots\" content=\"index, follow, max-snippet:-1, max-image-preview:large, max-video-preview:-1\" \/>\n<link rel=\"canonical\" href=\"https:\/\/jjmf.pt\/index.php\/servicos\/\" \/>\n<meta property=\"og:locale\" content=\"pt_PT\" \/>\n<meta property=\"og:type\" content=\"article\" \/>\n<meta property=\"og:title\" content=\"Servi\u00e7os - JJMF\" \/>\n<meta property=\"og:description\" content=\"A jjmf disp\u00f5e de alguns servi\u00e7os para quinadoras, guilhotinas e outros equipamentos de diversas marcas e modelos. Al\u00e9m desse servi\u00e7o disponibilizamos outros servi\u00e7os a equipamentos da ind\u00fastria de reciclagem. ASSIST\u00caNCIA T\u00c9CNICA O servi\u00e7o de assist\u00eancia t\u00e9cnica da JJMF \u00e9 constitu\u00edda por engenheiros e t\u00e9cnicos especializados em mec\u00e2nica, pneum\u00e1tica, automatiza\u00e7\u00e3o, programa\u00e7\u00e3o e eletr\u00f3nica. Prestamos este servi\u00e7o [&hellip;]\" \/>\n<meta property=\"og:url\" content=\"https:\/\/jjmf.pt\/index.php\/servicos\/\" \/>\n<meta property=\"og:site_name\" content=\"JJMF\" \/>\n<meta property=\"article:publisher\" content=\"https:\/\/www.facebook.com\/joaojesusmartinsefilhos\" \/>\n<meta property=\"article:modified_time\" content=\"2022-06-06T10:26:18+00:00\" \/>\n<meta name=\"twitter:card\" content=\"summary_large_image\" \/>\n<meta name=\"twitter:label1\" content=\"Tempo estimado de leitura\" \/>\n\t<meta name=\"twitter:data1\" content=\"1 minuto\" \/>\n<script type=\"application\/ld+json\" class=\"yoast-schema-graph\">{\"@context\":\"https:\/\/schema.org\",\"@graph\":[{\"@type\":\"Organization\",\"@id\":\"https:\/\/jjmf.pt\/#organization\",\"name\":\"JJMF\",\"url\":\"https:\/\/jjmf.pt\/\",\"sameAs\":[\"https:\/\/www.facebook.com\/joaojesusmartinsefilhos\"],\"logo\":{\"@type\":\"ImageObject\",\"inLanguage\":\"pt-PT\",\"@id\":\"https:\/\/jjmf.pt\/#\/schema\/logo\/image\/\",\"url\":\"https:\/\/jjmf.pt\/wp-content\/uploads\/2022\/04\/LOGO_JJMF-removebg-preview.png\",\"contentUrl\":\"https:\/\/jjmf.pt\/wp-content\/uploads\/2022\/04\/LOGO_JJMF-removebg-preview.png\",\"width\":1005,\"height\":248,\"caption\":\"JJMF\"},\"image\":{\"@id\":\"https:\/\/jjmf.pt\/#\/schema\/logo\/image\/\"}},{\"@type\":\"WebSite\",\"@id\":\"https:\/\/jjmf.pt\/#website\",\"url\":\"https:\/\/jjmf.pt\/\",\"name\":\"JJMF\",\"description\":\"M\u00e1quinas industriais\",\"publisher\":{\"@id\":\"https:\/\/jjmf.pt\/#organization\"},\"potentialAction\":[{\"@type\":\"SearchAction\",\"target\":{\"@type\":\"EntryPoint\",\"urlTemplate\":\"https:\/\/jjmf.pt\/?s={search_term_string}\"},\"query-input\":\"required name=search_term_string\"}],\"inLanguage\":\"pt-PT\"},{\"@type\":\"WebPage\",\"@id\":\"https:\/\/jjmf.pt\/index.php\/servicos\/#webpage\",\"url\":\"https:\/\/jjmf.pt\/index.php\/servicos\/\",\"name\":\"Servi\u00e7os - JJMF\",\"isPartOf\":{\"@id\":\"https:\/\/jjmf.pt\/#website\"},\"datePublished\":\"2022-02-25T14:33:08+00:00\",\"dateModified\":\"2022-06-06T10:26:18+00:00\",\"breadcrumb\":{\"@id\":\"https:\/\/jjmf.pt\/index.php\/servicos\/#breadcrumb\"},\"inLanguage\":\"pt-PT\",\"potentialAction\":[{\"@type\":\"ReadAction\",\"target\":[\"https:\/\/jjmf.pt\/index.php\/servicos\/\"]}]},{\"@type\":\"BreadcrumbList\",\"@id\":\"https:\/\/jjmf.pt\/index.php\/servicos\/#breadcrumb\",\"itemListElement\":[{\"@type\":\"ListItem\",\"position\":1,\"name\":\"In\u00edcio\",\"item\":\"https:\/\/jjmf.pt\/\"},{\"@type\":\"ListItem\",\"position\":2,\"name\":\"Servi\u00e7os\"}]}]}<\/script>\n<!-- \/ Yoast SEO plugin. -->","yoast_head_json":{"title":"Servi\u00e7os - JJMF","robots":{"index":"index","follow":"follow","max-snippet":"max-snippet:-1","max-image-preview":"max-image-preview:large","max-video-preview":"max-video-preview:-1"},"canonical":"https:\/\/jjmf.pt\/index.php\/servicos\/","og_locale":"pt_PT","og_type":"article","og_title":"Servi\u00e7os - JJMF","og_description":"A jjmf disp\u00f5e de alguns servi\u00e7os para quinadoras, guilhotinas e outros equipamentos de diversas marcas e modelos. Al\u00e9m desse servi\u00e7o disponibilizamos outros servi\u00e7os a equipamentos da ind\u00fastria de reciclagem. ASSIST\u00caNCIA T\u00c9CNICA O servi\u00e7o de assist\u00eancia t\u00e9cnica da JJMF \u00e9 constitu\u00edda por engenheiros e t\u00e9cnicos especializados em mec\u00e2nica, pneum\u00e1tica, automatiza\u00e7\u00e3o, programa\u00e7\u00e3o e eletr\u00f3nica. Prestamos este servi\u00e7o [&hellip;]","og_url":"https:\/\/jjmf.pt\/index.php\/servicos\/","og_site_name":"JJMF","article_publisher":"https:\/\/www.facebook.com\/joaojesusmartinsefilhos","article_modified_time":"2022-06-06T10:26:18+00:00","twitter_card":"summary_large_image","twitter_misc":{"Tempo estimado de leitura":"1 minuto"},"schema":{"@context":"https:\/\/schema.org","@graph":[{"@type":"Organization","@id":"https:\/\/jjmf.pt\/#organization","name":"JJMF","url":"https:\/\/jjmf.pt\/","sameAs":["https:\/\/www.facebook.com\/joaojesusmartinsefilhos"],"logo":{"@type":"ImageObject","inLanguage":"pt-PT","@id":"https:\/\/jjmf.pt\/#\/schema\/logo\/image\/","url":"https:\/\/jjmf.pt\/wp-content\/uploads\/2022\/04\/LOGO_JJMF-removebg-preview.png","contentUrl":"https:\/\/jjmf.pt\/wp-content\/uploads\/2022\/04\/LOGO_JJMF-removebg-preview.png","width":1005,"height":248,"caption":"JJMF"},"image":{"@id":"https:\/\/jjmf.pt\/#\/schema\/logo\/image\/"}},{"@type":"WebSite","@id":"https:\/\/jjmf.pt\/#website","url":"https:\/\/jjmf.pt\/","name":"JJMF","description":"M\u00e1quinas industriais","publisher":{"@id":"https:\/\/jjmf.pt\/#organization"},"potentialAction":[{"@type":"SearchAction","target":{"@type":"EntryPoint","urlTemplate":"https:\/\/jjmf.pt\/?s={search_term_string}"},"query-input":"required name=search_term_string"}],"inLanguage":"pt-PT"},{"@type":"WebPage","@id":"https:\/\/jjmf.pt\/index.php\/servicos\/#webpage","url":"https:\/\/jjmf.pt\/index.php\/servicos\/","name":"Servi\u00e7os - JJMF","isPartOf":{"@id":"https:\/\/jjmf.pt\/#website"},"datePublished":"2022-02-25T14:33:08+00:00","dateModified":"2022-06-06T10:26:18+00:00","breadcrumb":{"@id":"https:\/\/jjmf.pt\/index.php\/servicos\/#breadcrumb"},"inLanguage":"pt-PT","potentialAction":[{"@type":"ReadAction","target":["https:\/\/jjmf.pt\/index.php\/servicos\/"]}]},{"@type":"BreadcrumbList","@id":"https:\/\/jjmf.pt\/index.php\/servicos\/#breadcrumb","itemListElement":[{"@type":"ListItem","position":1,"name":"In\u00edcio","item":"https:\/\/jjmf.pt\/"},{"@type":"ListItem","position":2,"name":"Servi\u00e7os"}]}]}},"_links":{"self":[{"href":"https:\/\/jjmf.pt\/index.php\/wp-json\/wp\/v2\/pages\/5503"}],"collection":[{"href":"https:\/\/jjmf.pt\/index.php\/wp-json\/wp\/v2\/pages"}],"about":[{"href":"https:\/\/jjmf.pt\/index.php\/wp-json\/wp\/v2\/types\/page"}],"author":[{"embeddable":true,"href":"https:\/\/jjmf.pt\/index.php\/wp-json\/wp\/v2\/users\/1"}],"replies":[{"embeddable":true,"href":"https:\/\/jjmf.pt\/index.php\/wp-json\/wp\/v2\/comments?post=5503"}],"version-history":[{"count":117,"href":"https:\/\/jjmf.pt\/index.php\/wp-json\/wp\/v2\/pages\/5503\/revisions"}],"predecessor-version":[{"id":6960,"href":"https:\/\/jjmf.pt\/index.php\/wp-json\/wp\/v2\/pages\/5503\/revisions\/6960"}],"wp:attachment":[{"href":"https:\/\/jjmf.pt\/index.php\/wp-json\/wp\/v2\/media?parent=5503"}],"curies":[{"name":"wp","href":"https:\/\/api.w.org\/{rel}","templated":true}]}}