{"id":2381,"date":"2020-02-19T14:23:56","date_gmt":"2020-02-19T14:23:56","guid":{"rendered":"https:\/\/stal.qodeinteractive.com\/?page_id=2381"},"modified":"2023-03-06T17:51:35","modified_gmt":"2023-03-06T17:51:35","slug":"contatos","status":"publish","type":"page","link":"https:\/\/jjmf.pt\/index.php\/contatos\/","title":{"rendered":"Contatos"},"content":{"rendered":"\t\t<div data-elementor-type=\"wp-page\" data-elementor-id=\"2381\" class=\"elementor elementor-2381\" data-elementor-settings=\"[]\">\n\t\t\t\t\t\t\t<div class=\"elementor-section-wrap\">\n\t\t\t\t\t\t\t<section class=\"elementor-section elementor-top-section elementor-element elementor-element-9f76ccd qodef-elementor-content-grid elementor-section-boxed elementor-section-height-default elementor-section-height-default\" data-id=\"9f76ccd\" data-element_type=\"section\">\n\t\t\t\t\t\t<div class=\"elementor-container elementor-column-gap-default\">\n\t\t\t\t\t<div class=\"elementor-column elementor-col-50 elementor-top-column elementor-element elementor-element-92f9e4d\" data-id=\"92f9e4d\" data-element_type=\"column\">\n\t\t\t<div class=\"elementor-widget-wrap elementor-element-populated\">\n\t\t\t\t\t\t\t\t<div class=\"elementor-element elementor-element-b8e38b2 elementor-widget elementor-widget-spacer\" data-id=\"b8e38b2\" data-element_type=\"widget\" data-widget_type=\"spacer.default\">\n\t\t\t\t<div class=\"elementor-widget-container\">\n\t\t\t\t\t<div class=\"elementor-spacer\">\n\t\t\t<div class=\"elementor-spacer-inner\"><\/div>\n\t\t<\/div>\n\t\t\t\t<\/div>\n\t\t\t\t<\/div>\n\t\t\t\t<div class=\"elementor-element elementor-element-f0c78d7 elementor-widget elementor-widget-stal_core_section_title\" data-id=\"f0c78d7\" data-element_type=\"widget\" data-widget_type=\"stal_core_section_title.default\">\n\t\t\t\t<div class=\"elementor-widget-container\">\n\t\t\t<div class=\"qodef-shortcode qodef-m  qodef-section-title qodef-alignment--left  \">\n\t\t<div class=\"qodef-m-title-wrap\">\n\t\t<h2 class=\"qodef-m-title\" >\n\t\t\t\t\tFale connosco\t\t\t<\/h2>\n\t\n\t<\/div>\n\t<\/div>\t\t<\/div>\n\t\t\t\t<\/div>\n\t\t\t\t<div class=\"elementor-element elementor-element-34a6bce elementor-widget elementor-widget-stal_core_icon_list_item\" data-id=\"34a6bce\" data-element_type=\"widget\" data-widget_type=\"stal_core_icon_list_item.default\">\n\t\t\t\t<div class=\"elementor-widget-container\">\n\t\t\t<div class=\"qodef-icon-list-item qodef-icon--icon-pack qodef-alignment--center\" >\n\t<p class=\"qodef-e-title\" >\n\t\t\t\t\t<span class=\"qodef-e-title-inner\">\n\t\t\t\t<span class=\"qodef-shortcode qodef-m  qodef-icon-holder qodef-size--default qodef-layout--normal\"  >\t        <span class=\"qodef-icon-font-awesome fa fa-map-marker qodef-icon qodef-e\" style=\"color: #1A75CF\" ><\/span>    <\/span>\t\t\t\t<span class=\"qodef-e-title-text\" >Rua Fernando da Silva Nogueira Pinto, n.\u00ba 43 4585-645 Recarei Paredes - PORTUGAL<\/span>\n\t\t\t<\/span>\n\t\t\t<\/p>\n<\/div>\t\t<\/div>\n\t\t\t\t<\/div>\n\t\t\t\t<div class=\"elementor-element elementor-element-2a166ca elementor-widget elementor-widget-stal_core_icon_list_item\" data-id=\"2a166ca\" data-element_type=\"widget\" data-widget_type=\"stal_core_icon_list_item.default\">\n\t\t\t\t<div class=\"elementor-widget-container\">\n\t\t\t<div class=\"qodef-icon-list-item qodef-icon--icon-pack qodef-alignment--center\" >\n\t<p class=\"qodef-e-title\" >\n\t\t\t\t\t<span class=\"qodef-e-title-inner\">\n\t\t\t\t<span class=\"qodef-shortcode qodef-m  qodef-icon-holder qodef-size--default qodef-layout--normal\"  >\t        <span class=\"qodef-icon-font-awesome fa fa-phone qodef-icon qodef-e\" style=\"color: #1A75CF\" ><\/span>    <\/span>\t\t\t\t<span class=\"qodef-e-title-text\" >(+351) 224 672 341  (chamada para a rede fixa nacional) <\/span>\n\t\t\t<\/span>\n\t\t\t<\/p>\n<\/div>\t\t<\/div>\n\t\t\t\t<\/div>\n\t\t\t\t<div class=\"elementor-element elementor-element-602318d elementor-widget elementor-widget-stal_core_icon_list_item\" data-id=\"602318d\" data-element_type=\"widget\" data-widget_type=\"stal_core_icon_list_item.default\">\n\t\t\t\t<div class=\"elementor-widget-container\">\n\t\t\t<div class=\"qodef-icon-list-item qodef-icon--icon-pack qodef-alignment--center\" >\n\t<p class=\"qodef-e-title\" >\n\t\t\t\t\t<span class=\"qodef-e-title-inner\">\n\t\t\t\t<span class=\"qodef-shortcode qodef-m  qodef-icon-holder qodef-size--default qodef-layout--normal\"  >\t        <span class=\"qodef-icon-font-awesome fa fa-envelope qodef-icon qodef-e\" style=\"color: #1A75CF\" ><\/span>    <\/span>\t\t\t\t<span class=\"qodef-e-title-text\" >geral@jjmf.pt<\/span>\n\t\t\t<\/span>\n\t\t\t<\/p>\n<\/div>\t\t<\/div>\n\t\t\t\t<\/div>\n\t\t\t\t<div class=\"elementor-element elementor-element-b8558a6 elementor-widget elementor-widget-stal_core_icon_list_item\" data-id=\"b8558a6\" data-element_type=\"widget\" data-widget_type=\"stal_core_icon_list_item.default\">\n\t\t\t\t<div class=\"elementor-widget-container\">\n\t\t\t<div class=\"qodef-icon-list-item qodef-icon--icon-pack qodef-alignment--center\" >\n\t<p class=\"qodef-e-title\" >\n\t\t\t\t\t<span class=\"qodef-e-title-inner\">\n\t\t\t\t<span class=\"qodef-shortcode qodef-m  qodef-icon-holder qodef-size--default qodef-layout--normal\"  >\t        <span class=\"qodef-icon-font-awesome fa fa-map qodef-icon qodef-e\" style=\"color: #1A75CF\" ><\/span>    <\/span>\t\t\t\t<span class=\"qodef-e-title-text\" >GPS: N41\u00ba 09\u201950.40\u2019\u2019 W8\u00ba25\u201952.76\u2019\u2019<\/span>\n\t\t\t<\/span>\n\t\t\t<\/p>\n<\/div>\t\t<\/div>\n\t\t\t\t<\/div>\n\t\t\t\t\t<\/div>\n\t\t<\/div>\n\t\t\t\t<div class=\"elementor-column elementor-col-50 elementor-top-column elementor-element elementor-element-b0e8f18\" data-id=\"b0e8f18\" data-element_type=\"column\">\n\t\t\t<div class=\"elementor-widget-wrap elementor-element-populated\">\n\t\t\t\t\t\t\t\t<div class=\"elementor-element elementor-element-39101e8 elementor-widget elementor-widget-qi_addons_for_elementor_business_hours\" data-id=\"39101e8\" data-element_type=\"widget\" data-widget_type=\"qi_addons_for_elementor_business_hours.default\">\n\t\t\t\t<div class=\"elementor-widget-container\">\n\t\t\t<div class=\"qodef-shortcode qodef-m  qodef-qi-business-hours qodef-layout--standard qodef-line-type--between qodef-resposive--no qodef-text-underline\">\n\t<div class=\"qodef-m-inner\">\n\t\t\t\t\t<h2 class=\"qodef-m-title\">\n\t\tHor\u00e1rio\t<\/h2>\n\t\t\t\t<div class=\"qodef-m-items\">\n\t\t\t<div class=\"qodef-e qodef-e-item elementor-repeater-item-398a52c\">\n\t\t\t<div class=\"qodef-e-title-holder\">\n\t\t\t\t\t\t<h5 class=\"qodef-e-day\">\n\t\t\t\tSede\t\t\t<\/h5>\n\t\t<\/div>\n\t\t<div class=\"qodef-e-line\"><\/div>\n\t\t\t\t\t<p class=\"qodef-e-hours\">\n\t\t\t\t08:00 - 19:00h\t\t\t<\/p>\n\t\t\t<\/div>\n<div class=\"qodef-e qodef-e-item elementor-repeater-item-71706bb\">\n\t\t\t<div class=\"qodef-e-title-holder\">\n\t\t\t\t\t\t<h5 class=\"qodef-e-day\">\n\t\t\t\tAssist\u00eancia t\u00e9cnica  \t\t\t<\/h5>\n\t\t<\/div>\n\t\t<div class=\"qodef-e-line\"><\/div>\n\t\t\t\t\t<p class=\"qodef-e-hours\">\n\t\t\t\t08:00 - 19:00h\t\t\t<\/p>\n\t\t\t<\/div>\n\t\t<\/div>\n\t\t\t<div class=\"qodef-m-text\">\n\t\t<p>* Hor\u00e1rio de funcionamento de segunda a sexta.<\/p>\t<\/div>\n\t<\/div>\n<\/div>\n\t\t<\/div>\n\t\t\t\t<\/div>\n\t\t\t\t\t<\/div>\n\t\t<\/div>\n\t\t\t\t\t\t\t<\/div>\n\t\t<\/section>\n\t\t\t\t<section class=\"elementor-section elementor-top-section elementor-element elementor-element-0e38041 qodef-elementor-content-grid elementor-section-boxed elementor-section-height-default elementor-section-height-default\" data-id=\"0e38041\" data-element_type=\"section\">\n\t\t\t\t\t\t<div class=\"elementor-container elementor-column-gap-default\">\n\t\t\t\t\t<div class=\"elementor-column elementor-col-50 elementor-top-column elementor-element elementor-element-7958129\" data-id=\"7958129\" data-element_type=\"column\">\n\t\t\t<div class=\"elementor-widget-wrap elementor-element-populated\">\n\t\t\t\t\t\t\t\t<div class=\"elementor-element elementor-element-6fa2398 elementor-widget elementor-widget-stal_core_google_map\" data-id=\"6fa2398\" data-element_type=\"widget\" data-widget_type=\"stal_core_google_map.default\">\n\t\t\t\t<div class=\"elementor-widget-container\">\n\t\t\t<div class=\"qodef-shortcode qodef-m  qodef-google-map\">\n\t<div class=\"qodef-m-map\" id=\"qodef-map-id--961\" data-addresses='[\"Jo\u00e3o Jesus Martins &amp; Filhos, Lda\"]' data-pin=https:\/\/jjmf.pt\/wp-content\/plugins\/stal-core\/inc\/maps\/assets\/img\/pin.png data-unique-id=961 data-height=657><\/div>\n<\/div>\t\t<\/div>\n\t\t\t\t<\/div>\n\t\t\t\t\t<\/div>\n\t\t<\/div>\n\t\t\t\t<div class=\"elementor-column elementor-col-50 elementor-top-column elementor-element elementor-element-0a07e76\" data-id=\"0a07e76\" data-element_type=\"column\" data-settings=\"{&quot;background_background&quot;:&quot;classic&quot;}\">\n\t\t\t<div class=\"elementor-widget-wrap elementor-element-populated\">\n\t\t\t\t\t\t\t\t<div class=\"elementor-element elementor-element-83fde3c elementor-widget elementor-widget-stal_core_section_title\" data-id=\"83fde3c\" data-element_type=\"widget\" data-widget_type=\"stal_core_section_title.default\">\n\t\t\t\t<div class=\"elementor-widget-container\">\n\t\t\t<div class=\"qodef-shortcode qodef-m  qodef-section-title qodef-alignment--left  \">\n\t\t<div class=\"qodef-m-title-wrap\">\n\t\t<h3 class=\"qodef-m-title\" >\n\t\t\t\t\tA sua mensagem\t\t\t<\/h3>\n\t\n\t<\/div>\n\t\t<p class=\"qodef-m-text\" >Escreva abaixo a sua mensagem e entraremos em contato logo que poss\u00edvel.<\/p>\n<\/div>\t\t<\/div>\n\t\t\t\t<\/div>\n\t\t\t\t<div class=\"elementor-element elementor-element-00c6f51 elementor-widget elementor-widget-wp-widget-stal_core_contact_form_7\" data-id=\"00c6f51\" data-element_type=\"widget\" data-widget_type=\"wp-widget-stal_core_contact_form_7.default\">\n\t\t\t\t<div class=\"elementor-widget-container\">\n\t\t\t\t\t\t<div class=\"qodef-contact-form-7\">\n\t\t\t\t<div role=\"form\" class=\"wpcf7\" id=\"wpcf7-f131-o1\" lang=\"en-US\" dir=\"ltr\">\n<div class=\"screen-reader-response\"><p role=\"status\" aria-live=\"polite\" aria-atomic=\"true\"><\/p> <ul><\/ul><\/div>\n<form action=\"\/index.php\/wp-json\/wp\/v2\/pages\/2381#wpcf7-f131-o1\" method=\"post\" class=\"wpcf7-form init\" novalidate=\"novalidate\" data-status=\"init\">\n<div style=\"display: none;\">\n<input type=\"hidden\" name=\"_wpcf7\" value=\"131\" \/>\n<input type=\"hidden\" name=\"_wpcf7_version\" value=\"5.5.5\" \/>\n<input type=\"hidden\" name=\"_wpcf7_locale\" value=\"en_US\" \/>\n<input type=\"hidden\" name=\"_wpcf7_unit_tag\" value=\"wpcf7-f131-o1\" \/>\n<input type=\"hidden\" name=\"_wpcf7_container_post\" value=\"0\" \/>\n<input type=\"hidden\" name=\"_wpcf7_posted_data_hash\" value=\"\" \/>\n<\/div>\n<span class=\"wpcf7-form-control-wrap your-name\"><input type=\"text\" name=\"your-name\" value=\"\" size=\"40\" class=\"wpcf7-form-control wpcf7-text wpcf7-validates-as-required\" aria-required=\"true\" aria-invalid=\"false\" placeholder=\"NOME\" \/><\/span><span class=\"wpcf7-form-control-wrap your-email\"><input type=\"email\" name=\"your-email\" value=\"\" size=\"40\" class=\"wpcf7-form-control wpcf7-text wpcf7-email wpcf7-validates-as-required wpcf7-validates-as-email\" aria-required=\"true\" aria-invalid=\"false\" placeholder=\"E-MAIL\" \/><\/span><span class=\"wpcf7-form-control-wrap your-message\"><textarea name=\"your-message\" cols=\"40\" rows=\"1\" class=\"wpcf7-form-control wpcf7-textarea\" aria-invalid=\"false\" placeholder=\"A SUA MENSAGEM\"><\/textarea><\/span><button type=\"submit\" class=\"wpcf7-form-control wpcf7-submit qodef-button qodef-size--normal qodef-layout--splitted qodef-m\"><span class=\"qodef-m-text\">enviar<svg class=\"qodef-m-arrowline\" xmlns=\"http:\/\/www.w3.org\/2000\/svg\" xmlns:xlink=\"http:\/\/www.w3.org\/1999\/xlink\" x=\"0px\" y=\"0px\" viewBox=\"0 0 63 20\" xml:space=\"preserve\">\n                            <line x1=\"61.6\" y1=\"10\" x2=\"61.6\" y2=\"10\"\/>\n                            <line x1=\"62\" y1=\"10\" x2=\"61.6\" y2=\"10\"\/>\n                            <line x1=\"61.6\" y1=\"10\" x2=\"1\" y2=\"10\"\/>\n                            <path d=\"M61.6,10\"\/>\n                            <line x1=\"61.6\" y1=\"10\" x2=\"61.6\" y2=\"10\"\/>\n                            <line class=\"arrow-up\" x1=\"56.7\" y1=\"5.1\" x2=\"61.6\" y2=\"10\"\/>\n                            <path d=\"M61.6,10\"\/>\n                            <line x1=\"61.6\" y1=\"10\" x2=\"61.6\" y2=\"10\"\/>\n                            <line class=\"arrow-down\" x1=\"61.6\" y1=\"10\" x2=\"56.7\" y2=\"14.9\"\/>\n                        <\/svg><\/span><span class=\"qodef-m-split qodef-split--up\"><\/span><span class=\"qodef-m-split qodef-split--down\"><\/span><\/button><div class=\"wpcf7-response-output\" aria-hidden=\"true\"><\/div><\/form><\/div>\t\t\t<\/div>\n\t\t\t\t\t<\/div>\n\t\t\t\t<\/div>\n\t\t\t\t\t<\/div>\n\t\t<\/div>\n\t\t\t\t\t\t\t<\/div>\n\t\t<\/section>\n\t\t\t\t<section class=\"elementor-section elementor-top-section elementor-element elementor-element-250f52b elementor-section-boxed elementor-section-height-default elementor-section-height-default qodef-elementor-content-no\" data-id=\"250f52b\" data-element_type=\"section\">\n\t\t\t\t\t\t<div class=\"elementor-container elementor-column-gap-default\">\n\t\t\t\t\t<div class=\"elementor-column elementor-col-100 elementor-top-column elementor-element elementor-element-6e05274\" data-id=\"6e05274\" data-element_type=\"column\">\n\t\t\t<div class=\"elementor-widget-wrap\">\n\t\t\t\t\t\t\t\t\t<\/div>\n\t\t<\/div>\n\t\t\t\t\t\t\t<\/div>\n\t\t<\/section>\n\t\t\t\t\t\t<\/div>\n\t\t\t\t\t<\/div>\n\t\t","protected":false},"excerpt":{"rendered":"<p>Fale connosco Rua Fernando da Silva Nogueira Pinto, n.\u00ba 43 4585-645 Recarei Paredes &#8211; PORTUGAL (+351) 224 672 341 (chamada para a rede fixa nacional) geral@jjmf.pt GPS: N41\u00ba 09\u201950.40\u2019\u2019 W8\u00ba25\u201952.76\u2019\u2019 Hor\u00e1rio Sede 08:00 &#8211; 19:00h Assist\u00eancia t\u00e9cnica 08:00 &#8211; 19:00h * Hor\u00e1rio de funcionamento de segunda a sexta. A sua mensagem Escreva abaixo a sua [&hellip;]<\/p>\n","protected":false},"author":1,"featured_media":0,"parent":0,"menu_order":0,"comment_status":"closed","ping_status":"closed","template":"page-full-width.php","meta":[],"yoast_head":"<!-- This site is optimized with the Yoast SEO plugin v19.0 - https:\/\/yoast.com\/wordpress\/plugins\/seo\/ -->\n<title>Contatos - JJMF<\/title>\n<meta name=\"robots\" content=\"index, follow, max-snippet:-1, max-image-preview:large, max-video-preview:-1\" \/>\n<link rel=\"canonical\" href=\"https:\/\/jjmf.pt\/index.php\/contatos\/\" \/>\n<meta property=\"og:locale\" content=\"pt_PT\" \/>\n<meta property=\"og:type\" content=\"article\" \/>\n<meta property=\"og:title\" content=\"Contatos - JJMF\" \/>\n<meta property=\"og:description\" content=\"Fale connosco Rua Fernando da Silva Nogueira Pinto, n.\u00ba 43 4585-645 Recarei Paredes &#8211; PORTUGAL (+351) 224 672 341 (chamada para a rede fixa nacional) geral@jjmf.pt GPS: N41\u00ba 09\u201950.40\u2019\u2019 W8\u00ba25\u201952.76\u2019\u2019 Hor\u00e1rio Sede 08:00 &#8211; 19:00h Assist\u00eancia t\u00e9cnica 08:00 &#8211; 19:00h * Hor\u00e1rio de funcionamento de segunda a sexta. A sua mensagem Escreva abaixo a sua [&hellip;]\" \/>\n<meta property=\"og:url\" content=\"https:\/\/jjmf.pt\/index.php\/contatos\/\" \/>\n<meta property=\"og:site_name\" content=\"JJMF\" \/>\n<meta property=\"article:publisher\" content=\"https:\/\/www.facebook.com\/joaojesusmartinsefilhos\" \/>\n<meta property=\"article:modified_time\" content=\"2023-03-06T17:51:35+00:00\" \/>\n<meta name=\"twitter:card\" content=\"summary_large_image\" \/>\n<meta name=\"twitter:label1\" content=\"Tempo estimado de leitura\" \/>\n\t<meta name=\"twitter:data1\" content=\"10 minutos\" \/>\n<script type=\"application\/ld+json\" class=\"yoast-schema-graph\">{\"@context\":\"https:\/\/schema.org\",\"@graph\":[{\"@type\":\"Organization\",\"@id\":\"https:\/\/jjmf.pt\/#organization\",\"name\":\"JJMF\",\"url\":\"https:\/\/jjmf.pt\/\",\"sameAs\":[\"https:\/\/www.facebook.com\/joaojesusmartinsefilhos\"],\"logo\":{\"@type\":\"ImageObject\",\"inLanguage\":\"pt-PT\",\"@id\":\"https:\/\/jjmf.pt\/#\/schema\/logo\/image\/\",\"url\":\"https:\/\/jjmf.pt\/wp-content\/uploads\/2022\/04\/LOGO_JJMF-removebg-preview.png\",\"contentUrl\":\"https:\/\/jjmf.pt\/wp-content\/uploads\/2022\/04\/LOGO_JJMF-removebg-preview.png\",\"width\":1005,\"height\":248,\"caption\":\"JJMF\"},\"image\":{\"@id\":\"https:\/\/jjmf.pt\/#\/schema\/logo\/image\/\"}},{\"@type\":\"WebSite\",\"@id\":\"https:\/\/jjmf.pt\/#website\",\"url\":\"https:\/\/jjmf.pt\/\",\"name\":\"JJMF\",\"description\":\"M\u00e1quinas industriais\",\"publisher\":{\"@id\":\"https:\/\/jjmf.pt\/#organization\"},\"potentialAction\":[{\"@type\":\"SearchAction\",\"target\":{\"@type\":\"EntryPoint\",\"urlTemplate\":\"https:\/\/jjmf.pt\/?s={search_term_string}\"},\"query-input\":\"required name=search_term_string\"}],\"inLanguage\":\"pt-PT\"},{\"@type\":\"WebPage\",\"@id\":\"https:\/\/jjmf.pt\/index.php\/contatos\/#webpage\",\"url\":\"https:\/\/jjmf.pt\/index.php\/contatos\/\",\"name\":\"Contatos - JJMF\",\"isPartOf\":{\"@id\":\"https:\/\/jjmf.pt\/#website\"},\"datePublished\":\"2020-02-19T14:23:56+00:00\",\"dateModified\":\"2023-03-06T17:51:35+00:00\",\"breadcrumb\":{\"@id\":\"https:\/\/jjmf.pt\/index.php\/contatos\/#breadcrumb\"},\"inLanguage\":\"pt-PT\",\"potentialAction\":[{\"@type\":\"ReadAction\",\"target\":[\"https:\/\/jjmf.pt\/index.php\/contatos\/\"]}]},{\"@type\":\"BreadcrumbList\",\"@id\":\"https:\/\/jjmf.pt\/index.php\/contatos\/#breadcrumb\",\"itemListElement\":[{\"@type\":\"ListItem\",\"position\":1,\"name\":\"In\u00edcio\",\"item\":\"https:\/\/jjmf.pt\/\"},{\"@type\":\"ListItem\",\"position\":2,\"name\":\"Contatos\"}]}]}<\/script>\n<!-- \/ Yoast SEO plugin. -->","yoast_head_json":{"title":"Contatos - JJMF","robots":{"index":"index","follow":"follow","max-snippet":"max-snippet:-1","max-image-preview":"max-image-preview:large","max-video-preview":"max-video-preview:-1"},"canonical":"https:\/\/jjmf.pt\/index.php\/contatos\/","og_locale":"pt_PT","og_type":"article","og_title":"Contatos - JJMF","og_description":"Fale connosco Rua Fernando da Silva Nogueira Pinto, n.\u00ba 43 4585-645 Recarei Paredes &#8211; PORTUGAL (+351) 224 672 341 (chamada para a rede fixa nacional) geral@jjmf.pt GPS: N41\u00ba 09\u201950.40\u2019\u2019 W8\u00ba25\u201952.76\u2019\u2019 Hor\u00e1rio Sede 08:00 &#8211; 19:00h Assist\u00eancia t\u00e9cnica 08:00 &#8211; 19:00h * Hor\u00e1rio de funcionamento de segunda a sexta. A sua mensagem Escreva abaixo a sua [&hellip;]","og_url":"https:\/\/jjmf.pt\/index.php\/contatos\/","og_site_name":"JJMF","article_publisher":"https:\/\/www.facebook.com\/joaojesusmartinsefilhos","article_modified_time":"2023-03-06T17:51:35+00:00","twitter_card":"summary_large_image","twitter_misc":{"Tempo estimado de leitura":"10 minutos"},"schema":{"@context":"https:\/\/schema.org","@graph":[{"@type":"Organization","@id":"https:\/\/jjmf.pt\/#organization","name":"JJMF","url":"https:\/\/jjmf.pt\/","sameAs":["https:\/\/www.facebook.com\/joaojesusmartinsefilhos"],"logo":{"@type":"ImageObject","inLanguage":"pt-PT","@id":"https:\/\/jjmf.pt\/#\/schema\/logo\/image\/","url":"https:\/\/jjmf.pt\/wp-content\/uploads\/2022\/04\/LOGO_JJMF-removebg-preview.png","contentUrl":"https:\/\/jjmf.pt\/wp-content\/uploads\/2022\/04\/LOGO_JJMF-removebg-preview.png","width":1005,"height":248,"caption":"JJMF"},"image":{"@id":"https:\/\/jjmf.pt\/#\/schema\/logo\/image\/"}},{"@type":"WebSite","@id":"https:\/\/jjmf.pt\/#website","url":"https:\/\/jjmf.pt\/","name":"JJMF","description":"M\u00e1quinas industriais","publisher":{"@id":"https:\/\/jjmf.pt\/#organization"},"potentialAction":[{"@type":"SearchAction","target":{"@type":"EntryPoint","urlTemplate":"https:\/\/jjmf.pt\/?s={search_term_string}"},"query-input":"required name=search_term_string"}],"inLanguage":"pt-PT"},{"@type":"WebPage","@id":"https:\/\/jjmf.pt\/index.php\/contatos\/#webpage","url":"https:\/\/jjmf.pt\/index.php\/contatos\/","name":"Contatos - JJMF","isPartOf":{"@id":"https:\/\/jjmf.pt\/#website"},"datePublished":"2020-02-19T14:23:56+00:00","dateModified":"2023-03-06T17:51:35+00:00","breadcrumb":{"@id":"https:\/\/jjmf.pt\/index.php\/contatos\/#breadcrumb"},"inLanguage":"pt-PT","potentialAction":[{"@type":"ReadAction","target":["https:\/\/jjmf.pt\/index.php\/contatos\/"]}]},{"@type":"BreadcrumbList","@id":"https:\/\/jjmf.pt\/index.php\/contatos\/#breadcrumb","itemListElement":[{"@type":"ListItem","position":1,"name":"In\u00edcio","item":"https:\/\/jjmf.pt\/"},{"@type":"ListItem","position":2,"name":"Contatos"}]}]}},"_links":{"self":[{"href":"https:\/\/jjmf.pt\/index.php\/wp-json\/wp\/v2\/pages\/2381"}],"collection":[{"href":"https:\/\/jjmf.pt\/index.php\/wp-json\/wp\/v2\/pages"}],"about":[{"href":"https:\/\/jjmf.pt\/index.php\/wp-json\/wp\/v2\/types\/page"}],"author":[{"embeddable":true,"href":"https:\/\/jjmf.pt\/index.php\/wp-json\/wp\/v2\/users\/1"}],"replies":[{"embeddable":true,"href":"https:\/\/jjmf.pt\/index.php\/wp-json\/wp\/v2\/comments?post=2381"}],"version-history":[{"count":70,"href":"https:\/\/jjmf.pt\/index.php\/wp-json\/wp\/v2\/pages\/2381\/revisions"}],"predecessor-version":[{"id":7273,"href":"https:\/\/jjmf.pt\/index.php\/wp-json\/wp\/v2\/pages\/2381\/revisions\/7273"}],"wp:attachment":[{"href":"https:\/\/jjmf.pt\/index.php\/wp-json\/wp\/v2\/media?parent=2381"}],"curies":[{"name":"wp","href":"https:\/\/api.w.org\/{rel}","templated":true}]}}